{"id":424,"date":"2018-09-11T17:38:57","date_gmt":"2018-09-11T17:38:57","guid":{"rendered":"http:\/\/www.maversa.es\/privacidad\/"},"modified":"2024-01-02T14:03:39","modified_gmt":"2024-01-02T12:03:39","slug":"privacidad","status":"publish","type":"page","link":"https:\/\/www.maversa.es\/en\/privacidad\/","title":{"rendered":"Privacy Policy"},"content":{"rendered":"<div class=\"fusion-fullwidth fullwidth-box fusion-builder-row-1 fusion-flex-container nonhundred-percent-fullwidth non-hundred-percent-height-scrolling\" style=\"--awb-border-radius-top-left:0px;--awb-border-radius-top-right:0px;--awb-border-radius-bottom-right:0px;--awb-border-radius-bottom-left:0px;--awb-flex-wrap:wrap;\" ><div class=\"fusion-builder-row fusion-row fusion-flex-align-items-flex-start fusion-flex-content-wrap\" style=\"max-width:calc( 1100px + 0px );margin-left: calc(-0px \/ 2 );margin-right: calc(-0px \/ 2 );\"><div class=\"fusion-layout-column fusion_builder_column fusion-builder-column-0 fusion_builder_column_1_1 1_1 fusion-flex-column\" style=\"--awb-bg-size:cover;--awb-width-large:100%;--awb-margin-top-large:0px;--awb-spacing-right-large:0px;--awb-margin-bottom-large:0px;--awb-spacing-left-large:0px;--awb-width-medium:100%;--awb-spacing-right-medium:0px;--awb-spacing-left-medium:0px;--awb-width-small:100%;--awb-spacing-right-small:0px;--awb-spacing-left-small:0px;\"><div class=\"fusion-column-wrapper fusion-flex-justify-content-flex-start fusion-content-layout-column\"><div class=\"fusion-text fusion-text-1\"><h1>POL\u00cdTICA DE PRIVACIDAD Y PROTECCI\u00d3N DE DATOS<\/h1>\n<p>En cumplimiento del Reglamento (UE) 2016\/679 del Parlamento Europeo y del Consejo, de 27 de abril de 2016, relativo a la protecci\u00f3n de las personas f\u00edsicas en lo que respecta al tratamiento de datos personales, por el que se deroga la directiva 95\/46\/CE (en adelante, RGPD), de la Ley 34\/2022, de 11 de julio, de servicios de la sociedad de la informaci\u00f3n y de comercio electr\u00f3nico (en adelante, LSSI-CE) y de la Ley Org\u00e1nica 3\/2018, de Protecci\u00f3n de Datos personales y garant\u00eda de los derechos digitales, MAVERSA SISTEMAS DE MANTENIMIENTO, S.L. (en adelante, Maversa) garantiza la protecci\u00f3n y confidencialidad de los datos personales, de cualquier tipo que se nos proporcionen, de acuerdo con lo dispuesto en el Reglamento General de Protecci\u00f3n de Datos de Car\u00e1cter Personal.<\/p>\n<p>La Pol\u00edtica de Privacidad y cumplimiento normativo de MAVERSA descansa en el principio de responsabilidad proactiva, seg\u00fan el cual el Responsable del tratamiento es responsable del cumplimiento del marco normativo y jurisprudencial.<\/p>\n<p>Los datos facilitados ser\u00e1n tratados en los t\u00e9rminos establecidos en el RGPD; en este sentido, MAVERSA ha adoptado los niveles de protecci\u00f3n que legalmente se exigen, para garantizar la seguridad, integridad y confidencialidad de los datos, y ha instalado todas las medidas t\u00e9cnicas a su alcance para evitar la p\u00e9rdida, mal uso, alteraci\u00f3n o acceso no autorizado por terceros.<\/p>\n<h2>NUESTROS PRINCIPIOS Y EL OBJETIVO DE ESTA POL\u00cdTICA DE PRIVACIDAD<\/h2>\n<p>MAVERSA tiene el compromiso de respetar la privacidad de los usuarios, el secreto y seguridad de los datos personales, de conformidad con lo establecido en la normativa de protecci\u00f3n de datos aplicable.<\/p>\n<p>Tu privacidad y la seguridad de tus datos es prioritaria para nosotros, y as\u00ed lo reflejamos en los principios que rigen nuestra Pol\u00edtica de Privacidad:<\/p>\n<ul>\n<li><strong>Transparencia<\/strong> \u2013 Con respecto a los datos que recogemos y\/o tratamos sobre ti y te explicamos por qu\u00e9 los utilizamos y para qu\u00e9 finalidades.<\/li>\n<li><strong>Control<\/strong> \u2013 Ponemos a tu disposici\u00f3n los medios para que puedas decidir c\u00f3mo quieres que tratemos tus datos, hasta cuando, y como puedes acceder y actualizar tu informaci\u00f3n personal.<\/li>\n<li><strong>Seguridad<\/strong> \u2013 Garantizamos la seguridad, el secreto y la confidencialidad de tus datos e informaci\u00f3n personal. Adoptamos medidas de seguridad para evitar su p\u00e9rdida, alteraci\u00f3n, mal uso o acceso sin autorizaci\u00f3n.<\/li>\n<\/ul>\n<p>En cumplimiento de estos principios, a continuaci\u00f3n encontrar\u00e1s los apartados que componen nuestra Pol\u00edtica de Privacidad, donde te informamos sobre todo lo necesario para que mantengas el control sobre tus datos.<\/p>\n<h2>RESPONSABLE DEL TRATAMIENTO; \u00bfQUI\u00c9NES SOMOS?<\/h2>\n<p>MAVERSA SISTEMAS DE MANTENIMIENTO, S.L. (\u201cMAVERSA\u201d), empresa con CIF: B-85995843 y\u00a0 domicilio Social en Segunda Avenida, 16 28991 de Torrej\u00f3n de la Calzada (Madrid), ser\u00e1 el responsable del tratamiento de tus datos, recabados con fines de gesti\u00f3n laboral, fiscal y\/o contable.<\/p>\n<p>Puedes ponerte en contacto con MAVERSA, para cualquier aspecto relacionado con esta Pol\u00edtica de Privacidad u otras cuestiones acerca de la protecci\u00f3n de datos, en la direcci\u00f3n de contacto del Delegado de Protecci\u00f3n de datos designado, <a href=\"mailto:dpd@maversa.eu\">dpd@maversa.eu<\/a>.<\/p>\n<h2>FINALIDAD DEL TRATAMIENTO; \u00bfPARA QU\u00c9 UTILIZAREMOS SUS DATOS?<\/h2>\n<p>Siempre que solicitamos datos personales, los recogeremos y tratamos con uno de los siguientes prop\u00f3sitos:<\/p>\n<ul>\n<li><strong>Gestionar la relaci\u00f3n laboral con nuestros trabajadores<\/strong> \u2013 Tratamos los datos personales recabados y mediante legitimaci\u00f3n por consentimiento expl\u00edcito de los trabajadores en el momento de la contrataci\u00f3n y los informados durante la duraci\u00f3n de este con el fin exclusivo de gestionar la relaci\u00f3n laboral empresa \u2013 empleado.<\/li>\n<li><strong>Gestionar la relaci\u00f3n fiscal y contable con nuestros clientes<\/strong> \u2013 Tratamos \u00fanicamente los datos b\u00e1sicos profesionales de nuestros clientes para cumplir con nuestras obligaciones jur\u00eddicas y el fin exclusivo de facturar los servicios prestados y\/o materiales suministrados.<\/li>\n<li><strong>Gestionar la relaci\u00f3n fiscal y contable con nuestros proveedores<\/strong> &#8211; Tratamos los datos b\u00e1sicos profesionales de nuestros proveedores con el fin de mantener la relaci\u00f3n laboral y hacerles llegar nuestras peticiones de compra. Asimismo, y para dar cumplimiento a los requisitos de la normativa de calidad y ambiental que nos son de aplicaci\u00f3n, dirigirles nuestra pol\u00edtica de gesti\u00f3n integrada e informaci\u00f3n de reevaluaci\u00f3n de proveedores anual.<\/li>\n<\/ul>\n<p>Por otro lado y de forma autom\u00e1tica, se recoger\u00e1n los datos que incluya voluntariamente en nuestro formulario web, con el \u00fanico prop\u00f3sito de proporcionarle la informaci\u00f3n solicitada por usted en dicho formulario, y en ning\u00fan caso con el fin de enviarle comunicaciones comerciales.<\/p>\n<h2>LEGITIMIDAD DEL TRATAMIENTO<\/h2>\n<p>De acuerdo con la normativa de protecci\u00f3n de datos aplicable, los datos personales podr\u00e1n tratarse siempre de que:<\/p>\n<ul>\n<li>Nos haya dado su consentimiento a los efectos del tratamiento, pudiendo retirarlo en cualquier momento.<\/li>\n<li>Por requerimiento legal.<\/li>\n<li>Por existir un inter\u00e9s leg\u00edtimo que no se vea menoscabado por sus derechos de privacidad, como por ejemplo el env\u00edo de informaci\u00f3n bien por su solicitud a trav\u00e9s de nuestro formulario web, o por su condici\u00f3n de cliente.<\/li>\n<li>Por ser necesaria para la prestaci\u00f3n de alguno de nuestros servicios mediante relaci\u00f3n contractual entre usted y nosotros.<\/li>\n<\/ul>\n<h2>DESTINATARIOS; \u00bfCON QUI\u00c9N COMPARTIMOS TUS DATOS?<\/h2>\n<p>MAVERSA podr\u00e1 comunicar datos personales con los fines indicados a continuaci\u00f3n, tomando siempre todas las medidas razonablemente necesarias para garantizar que los datos sean tratados de forma segura.<\/p>\n<ul>\n<li><strong>Datos de Trabajadores<\/strong> &#8211; Los datos, \u00fanicamente de identificaci\u00f3n categorizados como b\u00e1sicos, se comunicar\u00e1n \u00fanicamente a las empresas mencionadas en el consentimiento del interesado: empresas de servicios SPA (servicios de prevenci\u00f3n de riesgos laborales ajenos), las contratistas de nuestros servicios, de formaci\u00f3n y a las Administraciones P\u00fablicas que los requieran. Los datos no se ceder\u00e1n ni compartir\u00e1n con otras empresas ni terceros que no sean los expresamente autorizados en dicho documento, salvo que exista una obligaci\u00f3n legal. MAVERSA en ning\u00fan caso trata datos sensibles ni especialmente protegidos.<\/li>\n<li><strong>Datos de Clientes<\/strong> &#8211; Los datos, \u00fanicamente profesionales y de car\u00e1cter b\u00e1sico, ser\u00e1n comunicados a entidades bancarias y financieras, as\u00ed como a las Administraciones P\u00fablicas en cumplimiento de la normativa tributaria. Los datos no ser\u00e1n cedidos a terceros con fines comerciales.<\/li>\n<li><strong>Datos de Proveedores<\/strong> &#8211; Los datos, \u00fanicamente profesionales y de car\u00e1cter b\u00e1sico, no ser\u00e1n comunicados a terceros salvo en los casos que existiera una obligaci\u00f3n legal.<\/li>\n<\/ul>\n<p>No cederemos los datos personales a nadie, a excepci\u00f3n de aquellas entidades p\u00fablicas o privadas a las cuales estemos obligados a facilitarlos, con motivo del cumplimiento de alguna ley. En caso de que necesitemos dar a conocer su informaci\u00f3n personal a otras entidades, le solicitaremos previamente su permiso a trav\u00e9s de opciones claras, que le permitir\u00e1n decidir a este respecto.<\/p>\n<h2>COMUNICACI\u00d3N; \u00bfD\u00d3NDE PODR\u00cdAMOS ENVIAR TUS DATOS?<\/h2>\n<p>Su informaci\u00f3n no ser\u00e1 transferida internacionalmente, ni mantenida en ordenadores situados fuera de su provincia, pa\u00eds u otra jurisdicci\u00f3n gubernamental donde las leyes de protecci\u00f3n de datos puedan diferir de las de la jurisdicci\u00f3n espa\u00f1ola.<\/p>\n<h2>CONSERVACI\u00d3N; \u00bfCU\u00c1NTO TIEMPO MANTENDREMOS TUS DATOS?<\/h2>\n<p>La empresa s\u00f3lo conservar\u00e1 los datos personales durante el tiempo que resulte necesario para lograr los fines para los que fueron recabados. Esto es, mientras se mantenga la relaci\u00f3n comercial\/laboral y durante el plazo por el cual pudieran derivarse responsabilidades fiscales, legales y\/o laborales.<\/p>\n<p>Si hubiera que determinar el oportuno periodo de conservaci\u00f3n, examinaremos los riesgos que conlleva el tratamiento as\u00ed como nuestras obligaciones contractuales, legales y normativas, las pol\u00edticas internas de conservaci\u00f3n de datos y nuestros intereses de negocio leg\u00edtimos descritos en el presente Aviso de Privacidad y Pol\u00edtica de Cookies.<\/p>\n<p>En este sentido, MAVERSA conservar\u00e1 los datos personales una vez terminada su relaci\u00f3n con Ud., debidamente bloqueados, durante el plazo de prescripci\u00f3n de las acciones que pudieran derivarse de la relaci\u00f3n mantenida con el interesado.<\/p>\n<p>Una vez bloqueados, sus datos resultar\u00e1n inaccesibles para MAVERSA y no ser\u00e1n tratados excepto para su puesta a disposici\u00f3n a las Administraciones p\u00fablicas, Jueces y Tribunales, para la atenci\u00f3n de las posibles responsabilidades nacidas de los tratamientos, as\u00ed como para el ejercicio y defensa de reclamaciones ante la Agencia Espa\u00f1ola de Protecci\u00f3n de Datos.<\/p>\n<h2>SEGURIDAD; \u00bfC\u00d3MO VAMOS A PROTEGER SUS DATOS?<\/h2>\n<p>Empleamos todos los esfuerzos razonables para mantener la confidencialidad de la informaci\u00f3n personal que se trate en nuestros sistemas. Mantenemos estrictos niveles de seguridad para proteger los datos de car\u00e1cter personal que procesamos frente a p\u00e9rdidas fortuitas y a accesos, tratamientos o revelaciones no autorizados, habida cuenta del estado de la tecnolog\u00eda, la naturaleza y los riesgos a los que est\u00e1n expuestos los datos.<\/p>\n<h2>EJERCICIO DE LOS DERECHOS; \u00bfQU\u00c9 DERECHOS PUEDE EJERCER COMO INTERESADO?<\/h2>\n<p>Todo interesado tiene derecho a obtener informaci\u00f3n sobre si en MAVERSA estamos tratando datos personales que les conciernan, o no. Puede ejercer los siguientes derechos, mediante petici\u00f3n escrita dirigida al Delegado de Protecci\u00f3n de Datos designado en Calle V\u00edctor Hugo, 2, 1\u00baB 45200 de Illescas (Toledo) o v\u00eda email a la siguiente direcci\u00f3n: <a href=\"mailto:dpd@maversa.eu\">dpd@maversa.eu<\/a>, acompa\u00f1ando copia de su DNI:<\/p>\n<ol>\n<li>Derecho de acceso a sus datos personales, para saber cu\u00e1les se est\u00e1n siendo objeto de tratamiento y las operaciones de tratamiento llevadas a cabo con ellos.<\/li>\n<li>Derecho de rectificaci\u00f3n de cualquier dato personal inexacto.<\/li>\n<li>Derecho de supresi\u00f3n de sus datos personales, cuando esto sea posible, (por ejemplo, por imperativo legal).<\/li>\n<li>Derecho de limitaci\u00f3n del tratamiento de sus datos personales cuando la exactitud, la legalidad, o la necesidad del tratamiento de los datos resulte dudosa, en cuyo caso, podremos conservarlos para el ejercicio o la defensa de reclamaciones.<\/li>\n<li>Derecho de oposici\u00f3n al tratamiento de sus datos personales, cuando la base legal que nos habilite para su tratamiento de las indicadas sea nuestro inter\u00e9s leg\u00edtimo. MAVERSA dejar\u00e1 de tratar sus datos salvo que exista un inter\u00e9s leg\u00edtimo o sea necesario para la defensa de reclamaciones, cuando proceda este derecho.<\/li>\n<li>Derecho a la portabilidad de sus datos, cuando la base legal que nos habilite para su tratamiento sea la existencia de una relaci\u00f3n contractual o su consentimiento.<\/li>\n<li>Derecho a revocar el consentimiento otorgado a MAVERSA.<\/li>\n<\/ol>\n<p>Para gestionar de forma correcta la relaci\u00f3n laboral\/comercial actual, solicitamos que todos los datos que se faciliten a MAVERSA sean correctos, completos, exactos y est\u00e9n debidamente actualizados. As\u00ed, si se produce un cambio en alguno de los datos personales que nos hubieras facilitado o en tu informaci\u00f3n profesional, te rogamos nos los comuniques en la direcci\u00f3n de\u00a0 e-mail anteriormente indicada.<\/p>\n<h2>TUTELA DE DERECHOS; \u00bfD\u00d3NDE PUEDE FORMULAR UNA RECLAMACI\u00d3N?<\/h2>\n<p>En caso de que entienda que sus derechos han sido desatendidos por nuestra entidad, puede dirigirse a la Agencia Espa\u00f1ola de Protecci\u00f3n de Datos, como Autoridad de control competente, a trav\u00e9s de alguno de los medios siguientes:<\/p>\n<ul>\n<li>Sede electr\u00f3nica: <a href=\"http:\/\/www.aepd.es\">aepd.es<\/a><\/li>\n<li>Correo Postal: Agencia Espa\u00f1ola de Protecci\u00f3n de Datos, C\/ Jorge Juan 6, 28001 Madrid.<\/li>\n<\/ul>\n<h2>ACTUALIZACIONES; \u00bfQU\u00c9 CAMBIOS PUEDE HABER EN ESTA POL\u00cdTICA DE PRIVACIDAD?<\/h2>\n<p>MAVERSA se reserva el derecho a modificar la presente pol\u00edtica para para adaptarla a novedades legislativas o jurisprudenciales que puedan afectar al cumplimiento de esta.<\/p>\n<\/div><\/div><\/div><\/div><\/div>\n","protected":false},"excerpt":{"rendered":"","protected":false},"author":1,"featured_media":0,"parent":0,"menu_order":0,"comment_status":"closed","ping_status":"open","template":"100-width.php","meta":{"footnotes":""},"_links":{"self":[{"href":"https:\/\/www.maversa.es\/en\/wp-json\/wp\/v2\/pages\/424"}],"collection":[{"href":"https:\/\/www.maversa.es\/en\/wp-json\/wp\/v2\/pages"}],"about":[{"href":"https:\/\/www.maversa.es\/en\/wp-json\/wp\/v2\/types\/page"}],"author":[{"embeddable":true,"href":"https:\/\/www.maversa.es\/en\/wp-json\/wp\/v2\/users\/1"}],"replies":[{"embeddable":true,"href":"https:\/\/www.maversa.es\/en\/wp-json\/wp\/v2\/comments?post=424"}],"version-history":[{"count":6,"href":"https:\/\/www.maversa.es\/en\/wp-json\/wp\/v2\/pages\/424\/revisions"}],"predecessor-version":[{"id":531,"href":"https:\/\/www.maversa.es\/en\/wp-json\/wp\/v2\/pages\/424\/revisions\/531"}],"wp:attachment":[{"href":"https:\/\/www.maversa.es\/en\/wp-json\/wp\/v2\/media?parent=424"}],"curies":[{"name":"wp","href":"https:\/\/api.w.org\/{rel}","templated":true}]}}